{"id":11,"date":"2023-08-17T08:07:18","date_gmt":"2023-08-17T08:07:18","guid":{"rendered":"https:\/\/nieuw.tjerkridder.com\/?page_id=11"},"modified":"2025-10-29T16:59:34","modified_gmt":"2025-10-29T15:59:34","slug":"over","status":"publish","type":"page","link":"https:\/\/www.tjerkridder.com\/de\/um\/","title":{"rendered":"\u00dcber Tjerk"},"content":{"rendered":"<div data-elementor-type=\"wp-page\" data-elementor-id=\"11\" class=\"elementor elementor-11\" data-elementor-post-type=\"page\">\n\t\t\t\t<div class=\"elementor-element elementor-element-32d2047 e-flex e-con-boxed e-con e-parent\" data-id=\"32d2047\" data-element_type=\"container\" data-e-type=\"container\" data-settings=\"{&quot;background_background&quot;:&quot;classic&quot;}\">\n\t\t\t\t\t<div class=\"e-con-inner\">\n\t\t\t\t<div class=\"elementor-element elementor-element-d8b0590 elementor-widget elementor-widget-spacer\" data-id=\"d8b0590\" data-element_type=\"widget\" data-e-type=\"widget\" data-widget_type=\"spacer.default\">\n\t\t\t\t<div class=\"elementor-widget-container\">\n\t\t\t\t\t\t\t<div class=\"elementor-spacer\">\n\t\t\t<div class=\"elementor-spacer-inner\"><\/div>\n\t\t<\/div>\n\t\t\t\t\t\t<\/div>\n\t\t\t\t<\/div>\n\t\t\t\t<div class=\"elementor-element elementor-element-8ec201c elementor-widget elementor-widget-text-editor\" data-id=\"8ec201c\" data-element_type=\"widget\" data-e-type=\"widget\" data-widget_type=\"text-editor.default\">\n\t\t\t\t<div class=\"elementor-widget-container\">\n\t\t\t\t\t\t\t\t\t<p>\u00dcber Tjerk Ridder<\/p>\t\t\t\t\t\t\t\t<\/div>\n\t\t\t\t<\/div>\n\t\t\t\t<div class=\"elementor-element elementor-element-c523dff elementor-widget__width-initial elementor-widget elementor-widget-heading\" data-id=\"c523dff\" data-element_type=\"widget\" data-e-type=\"widget\" data-widget_type=\"heading.default\">\n\t\t\t\t<div class=\"elementor-widget-container\">\n\t\t\t\t\t<h1 class=\"elementor-heading-title elementor-size-default\">Wende dich der Sonne zu<\/h1>\t\t\t\t<\/div>\n\t\t\t\t<\/div>\n\t\t\t\t\t<\/div>\n\t\t\t\t<\/div>\n\t\t<div class=\"elementor-element elementor-element-4ad397c e-flex e-con-boxed e-con e-parent\" data-id=\"4ad397c\" data-element_type=\"container\" data-e-type=\"container\">\n\t\t\t\t\t<div class=\"e-con-inner\">\n\t\t\t\t<div class=\"elementor-element elementor-element-4e1fcb5 elementor-widget elementor-widget-text-editor\" data-id=\"4e1fcb5\" data-element_type=\"widget\" data-e-type=\"widget\" data-widget_type=\"text-editor.default\">\n\t\t\t\t<div class=\"elementor-widget-container\">\n\t\t\t\t\t\t\t\t\t<p>Tjerk Ridder ist Theatermacher, Singer-Songwriter und Autor sowie Reisender, Geschichtenerz\u00e4hler und Inspiration. Auf seinen Reisen durch Europa entstanden Musiktheaterauff\u00fchrungen, B\u00fccher und Lieder.<\/p>\n<p>Tjerk singt und spricht \u00fcber universelle Themen und Themen rund um die menschliche Reise. Welche Schritte unternehmen Sie, welche Entscheidungen treffen Sie? Was braucht es dazu <br>dich mit anderen verbinden? Wie folgst du deinem Herzen? Wozu trauen Sie sich? <br>Dinge zu tun, die du noch nie zuvor getan hast, die noch niemand zuvor getan hat? <br>Wie finden Sie die Balance zwischen der F\u00fcrsorge f\u00fcr sich selbst und der F\u00fcrsorge f\u00fcr andere? In den letzten Jahren sind diese Themen aufgrund der globalen Krise nur noch dringlicher geworden.<\/p>\n<p>Tjerk machte drei Reisen und drei gleichnamige Musiktheaterauff\u00fchrungen: <em>Anh\u00e4ngerkupplung gesucht!<\/em>, <em>Spuren der Freiheit<\/em> und <em>Bonne Route!<\/em> <span style=\"color: var( --e-global-color-text ); text-align: var(--text-align);\">Er ver\u00f6ffentlichte zwei B\u00fccher, <em>Anh\u00e4ngerkupplung&nbsp;<\/em><\/span><span style=\"color: var( --e-global-color-text ); text-align: var(--text-align);\"><em>Gesucht!<\/em> und <em>Bonne Route!<\/em>in denen er \u00fcber seine Abenteuer und Erlebnisse schreibt.<\/span><span style=\"color: var( --e-global-color-text ); text-align: var(--text-align);\">Die B\u00fccher sind auch ein Album mit Musik.<\/span><\/p>\n<p>Tjerk Ridder hat an festivals wie die Welt Expo, De Parade, Oerol, Crossing Border, die Ruhrtriennale und Lowlands teilgenommen. Seine Auff\u00fchrungen sind auch auf Deutsch und Englisch erh\u00e4ltlich. AuBer in den Nederlanden trat er in Belgien, Deutschland, Ungarn, der T\u00fcrkei, China und Japan auf.<\/p>\t\t\t\t\t\t\t\t<\/div>\n\t\t\t\t<\/div>\n\t\t\t\t<div class=\"elementor-element elementor-element-e1ec508 elementor-widget elementor-widget-image\" data-id=\"e1ec508\" data-element_type=\"widget\" data-e-type=\"widget\" data-widget_type=\"image.default\">\n\t\t\t\t<div class=\"elementor-widget-container\">\n\t\t\t\t\t\t\t\t\t\t\t\t\t\t\t<img fetchpriority=\"high\" decoding=\"async\" width=\"800\" height=\"889\" src=\"https:\/\/www.tjerkridder.com\/wp-content\/uploads\/2023\/08\/Tjerk_kl2774-1-921x1024.jpeg\" class=\"attachment-large size-large wp-image-2794\" alt=\"\" srcset=\"https:\/\/www.tjerkridder.com\/wp-content\/uploads\/2023\/08\/Tjerk_kl2774-1-921x1024.jpeg 921w, https:\/\/www.tjerkridder.com\/wp-content\/uploads\/2023\/08\/Tjerk_kl2774-1-270x300.jpeg 270w, https:\/\/www.tjerkridder.com\/wp-content\/uploads\/2023\/08\/Tjerk_kl2774-1-768x854.jpeg 768w, https:\/\/www.tjerkridder.com\/wp-content\/uploads\/2023\/08\/Tjerk_kl2774-1-11x12.jpeg 11w, https:\/\/www.tjerkridder.com\/wp-content\/uploads\/2023\/08\/Tjerk_kl2774-1.jpeg 960w\" sizes=\"(max-width: 800px) 100vw, 800px\" \/>\t\t\t\t\t\t\t\t\t\t\t\t\t\t\t<\/div>\n\t\t\t\t<\/div>\n\t\t\t\t<div class=\"elementor-element elementor-element-07e0835 elementor-widget elementor-widget-text-editor\" data-id=\"07e0835\" data-element_type=\"widget\" data-e-type=\"widget\" data-widget_type=\"text-editor.default\">\n\t\t\t\t<div class=\"elementor-widget-container\">\n\t\t\t\t\t\t\t\t\t<p>Nach seiner Ausbildung an den Theaterschulen von Amsterdam und Utrecht wurde Tjerk zu einem zweimonatigen Auftritt nach Japan eingeladen, wo er Unterricht in Karate und japanischem Tanz nahm und Improvisationsspiel-Workshops gab. Er war damit konfrontiert, vom kollektiven Denken und Handeln des Ostens im Gegensatz zum westlichen Individualismus zu leben.\u00a0<\/p><p>Aus Lebensgeschichten k\u00f6nnen Sie viel \u00fcber Versuch und Irrtum lernen und wie Sie Ihre eigenen Schritte zu dem unternehmen k\u00f6nnen, was Sie bewegt. Was bringe ich in die Welt und wie stelle ich mich auf andere ein?\u00a0<\/p><p>Er erhielt den Pax Duif f\u00fcr die Verbindung von Menschen und seine Solidarit\u00e4t und von Sharon Dijksma, B\u00fcrgermeisterin von Utrecht, den Le Prix de Partage Europ\u00e9en, einen Preis der europ\u00e4ischen Kulturroute Saint Martin de Tours.\u00a0<\/p>\t\t\t\t\t\t\t\t<\/div>\n\t\t\t\t<\/div>\n\t\t\t\t\t<\/div>\n\t\t\t\t<\/div>\n\t\t<div class=\"elementor-element elementor-element-b7de4f0 e-flex e-con-boxed e-con e-parent\" data-id=\"b7de4f0\" data-element_type=\"container\" data-e-type=\"container\">\n\t\t\t\t\t<div class=\"e-con-inner\">\n\t\t\t\t<div class=\"elementor-element elementor-element-d5c53d8 elementor-skin-carousel elementor-arrows-yes elementor-pagination-type-bullets elementor-pagination-position-outside elementor-widget elementor-widget-media-carousel\" data-id=\"d5c53d8\" data-element_type=\"widget\" data-e-type=\"widget\" data-settings=\"{&quot;slides_per_view&quot;:&quot;2&quot;,&quot;space_between&quot;:{&quot;unit&quot;:&quot;px&quot;,&quot;size&quot;:40,&quot;sizes&quot;:[]},&quot;skin&quot;:&quot;carousel&quot;,&quot;effect&quot;:&quot;slide&quot;,&quot;show_arrows&quot;:&quot;yes&quot;,&quot;pagination&quot;:&quot;bullets&quot;,&quot;speed&quot;:500,&quot;autoplay&quot;:&quot;yes&quot;,&quot;autoplay_speed&quot;:5000,&quot;loop&quot;:&quot;yes&quot;,&quot;pause_on_hover&quot;:&quot;yes&quot;,&quot;pause_on_interaction&quot;:&quot;yes&quot;,&quot;space_between_tablet&quot;:{&quot;unit&quot;:&quot;px&quot;,&quot;size&quot;:10,&quot;sizes&quot;:[]},&quot;space_between_mobile&quot;:{&quot;unit&quot;:&quot;px&quot;,&quot;size&quot;:10,&quot;sizes&quot;:[]}}\" data-widget_type=\"media-carousel.default\">\n\t\t\t\t<div class=\"elementor-widget-container\">\n\t\t\t\t\t\t\t\t\t<div class=\"elementor-swiper\">\n\t\t\t\t\t<div class=\"elementor-main-swiper swiper\" role=\"region\" aria-roledescription=\"carousel\" aria-label=\"Slides\">\n\t\t\t\t<div class=\"swiper-wrapper\">\n\t\t\t\t\t\t\t\t\t\t\t<div class=\"swiper-slide\" role=\"group\" aria-roledescription=\"slide\">\n\t\t\t\t\t\t\t\t\t<div class=\"elementor-carousel-image\" role=\"img\" aria-label=\"D7K_4288\" style=\"background-image: url(&#039;https:\/\/www.tjerkridder.com\/wp-content\/uploads\/2023\/08\/D7K_4288.jpg&#039;)\">\n\n\t\t\t\n\t\t\t\t\t<\/div>\n\t\t\t\t\t\t\t\t<\/div>\n\t\t\t\t\t\t\t\t\t\t\t<div class=\"swiper-slide\" role=\"group\" aria-roledescription=\"slide\">\n\t\t\t\t\t\t\t\t\t<div class=\"elementor-carousel-image\" role=\"img\" aria-label=\"PICT0201\" style=\"background-image: url(&#039;https:\/\/www.tjerkridder.com\/wp-content\/uploads\/2023\/08\/PICT0201.jpg&#039;)\">\n\n\t\t\t\n\t\t\t\t\t<\/div>\n\t\t\t\t\t\t\t\t<\/div>\n\t\t\t\t\t\t\t\t\t\t\t<div class=\"swiper-slide\" role=\"group\" aria-roledescription=\"slide\">\n\t\t\t\t\t\t\t\t\t<div class=\"elementor-carousel-image\" role=\"img\" aria-label=\"F\u00fcr Utrechter Rathaus 2 Exemplar\" style=\"background-image: url(&#039;https:\/\/www.tjerkridder.com\/wp-content\/uploads\/2023\/08\/Voor-stadhuis-Utrecht-2-kopie.jpg&#039;)\">\n\n\t\t\t\n\t\t\t\t\t<\/div>\n\t\t\t\t\t\t\t\t<\/div>\n\t\t\t\t\t\t\t\t\t\t\t<div class=\"swiper-slide\" role=\"group\" aria-roledescription=\"slide\">\n\t\t\t\t\t\t\t\t\t<div class=\"elementor-carousel-image\" role=\"img\" aria-label=\"IMG_6933\" style=\"background-image: url(&#039;https:\/\/www.tjerkridder.com\/wp-content\/uploads\/2023\/08\/IMG_6933.jpg&#039;)\">\n\n\t\t\t\n\t\t\t\t\t<\/div>\n\t\t\t\t\t\t\t\t<\/div>\n\t\t\t\t\t\t\t\t\t<\/div>\n\t\t\t\t\t\t\t\t\t\t\t\t\t\t\t<div class=\"elementor-swiper-button elementor-swiper-button-prev\" role=\"button\" tabindex=\"0\" aria-label=\"Vorig\">\n\t\t\t\t\t\t\t<svg aria-hidden=\"true\" class=\"e-font-icon-svg e-eicon-chevron-left\" viewbox=\"0 0 1000 1000\" xmlns=\"http:\/\/www.w3.org\/2000\/svg\"><path d=\"M646 125C629 125 613 133 604 142L308 442C296 454 292 471 292 487 292 504 296 521 308 533L604 854C617 867 629 875 646 875 663 875 679 871 692 858 704 846 713 829 713 812 713 796 708 779 692 767L438 487 692 225C700 217 708 204 708 187 708 171 704 154 692 142 675 129 663 125 646 125Z\"><\/path><\/svg>\t\t\t\t\t\t<\/div>\n\t\t\t\t\t\t<div class=\"elementor-swiper-button elementor-swiper-button-next\" role=\"button\" tabindex=\"0\" aria-label=\"Volgende\">\n\t\t\t\t\t\t\t<svg aria-hidden=\"true\" class=\"e-font-icon-svg e-eicon-chevron-right\" viewbox=\"0 0 1000 1000\" xmlns=\"http:\/\/www.w3.org\/2000\/svg\"><path d=\"M696 533C708 521 713 504 713 487 713 471 708 454 696 446L400 146C388 133 375 125 354 125 338 125 325 129 313 142 300 154 292 171 292 187 292 204 296 221 308 233L563 492 304 771C292 783 288 800 288 817 288 833 296 850 308 863 321 871 338 875 354 875 371 875 388 867 400 854L696 533Z\"><\/path><\/svg>\t\t\t\t\t\t<\/div>\n\t\t\t\t\t\t\t\t\t\t\t\t\t\t\t\t<div class=\"swiper-pagination\"><\/div>\n\t\t\t\t\t\t\t\t\t\t\t\t<\/div>\n\t\t\t\t<\/div>\n\t\t\t\t\t\t\t\t<\/div>\n\t\t\t\t<\/div>\n\t\t\t\t\t<\/div>\n\t\t\t\t<\/div>\n\t\t<div class=\"elementor-element elementor-element-93e349e e-flex e-con-boxed e-con e-parent\" data-id=\"93e349e\" data-element_type=\"container\" data-e-type=\"container\">\n\t\t\t\t\t<div class=\"e-con-inner\">\n\t\t\t\t\t<\/div>\n\t\t\t\t<\/div>\n\t\t<div class=\"elementor-element elementor-element-7e82f69 e-flex e-con-boxed e-con e-parent\" data-id=\"7e82f69\" data-element_type=\"container\" data-e-type=\"container\" data-settings=\"{&quot;background_background&quot;:&quot;classic&quot;}\">\n\t\t\t\t\t<div class=\"e-con-inner\">\n\t\t\t\t<div class=\"elementor-element elementor-element-737c9b0 elementor-widget__width-initial elementor-widget elementor-widget-text-editor\" data-id=\"737c9b0\" data-element_type=\"widget\" data-e-type=\"widget\" data-widget_type=\"text-editor.default\">\n\t\t\t\t<div class=\"elementor-widget-container\">\n\t\t\t\t\t\t\t\t\t<p>\u201eMan braucht andere, um auf seine Wahre Lebensreise zu gehen.\u201c<\/p>\t\t\t\t\t\t\t\t<\/div>\n\t\t\t\t<\/div>\n\t\t\t\t<div class=\"elementor-element elementor-element-c1a3345 elementor-widget__width-initial elementor-widget elementor-widget-text-editor\" data-id=\"c1a3345\" data-element_type=\"widget\" data-e-type=\"widget\" data-widget_type=\"text-editor.default\">\n\t\t\t\t<div class=\"elementor-widget-container\">\n\t\t\t\t\t\t\t\t\t<p>Tjerk Ridder<\/p>\t\t\t\t\t\t\t\t<\/div>\n\t\t\t\t<\/div>\n\t\t\t\t\t<\/div>\n\t\t\t\t<\/div>\n\t\t<div class=\"elementor-element elementor-element-5eb9041 e-flex e-con-boxed e-con e-parent\" data-id=\"5eb9041\" data-element_type=\"container\" data-e-type=\"container\" data-settings=\"{&quot;background_background&quot;:&quot;classic&quot;}\">\n\t\t\t\t\t<div class=\"e-con-inner\">\n\t\t<div class=\"elementor-element elementor-element-788ae00 e-flex e-con-boxed e-con e-child\" data-id=\"788ae00\" data-element_type=\"container\" data-e-type=\"container\" data-settings=\"{&quot;background_background&quot;:&quot;classic&quot;}\">\n\t\t\t\t\t<div class=\"e-con-inner\">\n\t\t<div class=\"elementor-element elementor-element-8ea19f5 e-con-full e-flex e-con e-child\" data-id=\"8ea19f5\" data-element_type=\"container\" data-e-type=\"container\">\n\t\t\t\t<div class=\"elementor-element elementor-element-157293c elementor-widget elementor-widget-heading\" data-id=\"157293c\" data-element_type=\"widget\" data-e-type=\"widget\" data-widget_type=\"heading.default\">\n\t\t\t\t<div class=\"elementor-widget-container\">\n\t\t\t\t\t<h2 class=\"elementor-heading-title elementor-size-default\">Reisen Sie mit uns, kommen Sie zu einem Auftritt!<\/h2>\t\t\t\t<\/div>\n\t\t\t\t<\/div>\n\t\t<div class=\"elementor-element elementor-element-49fedc8 e-flex e-con-boxed e-con e-child\" data-id=\"49fedc8\" data-element_type=\"container\" data-e-type=\"container\">\n\t\t\t\t\t<div class=\"e-con-inner\">\n\t\t\t\t<div class=\"elementor-element elementor-element-88aba87 elementor-widget__width-auto elementor-widget elementor-widget-button\" data-id=\"88aba87\" data-element_type=\"widget\" data-e-type=\"widget\" data-widget_type=\"button.default\">\n\t\t\t\t<div class=\"elementor-widget-container\">\n\t\t\t\t\t\t\t\t\t<div class=\"elementor-button-wrapper\">\n\t\t\t\t\t<a class=\"elementor-button elementor-button-link elementor-size-sm\" href=\"https:\/\/www.tjerkridder.com\/de\/agenda\/\">\n\t\t\t\t\t\t<span class=\"elementor-button-content-wrapper\">\n\t\t\t\t\t\t\t\t\t<span class=\"elementor-button-text\">Sehen Sie sich die Tagesordnung an<\/span>\n\t\t\t\t\t<\/span>\n\t\t\t\t\t<\/a>\n\t\t\t\t<\/div>\n\t\t\t\t\t\t\t\t<\/div>\n\t\t\t\t<\/div>\n\t\t\t\t<div class=\"elementor-element elementor-element-9ed6798 elementor-widget__width-initial elementor-widget elementor-widget-text-editor\" data-id=\"9ed6798\" data-element_type=\"widget\" data-e-type=\"widget\" data-widget_type=\"text-editor.default\">\n\t\t\t\t<div class=\"elementor-widget-container\">\n\t\t\t\t\t\t\t\t\t<p><span style=\"color: #000000;\"><a style=\"color: #000000;\" href=\"https:\/\/www.tjerkridder.com\/de\/kontakt\/\"><span style=\"text-decoration: underline;\">F\u00fcr Buchungen: Bitte wenden Sie sich an das Management.<\/span><\/a><\/span><\/p>\t\t\t\t\t\t\t\t<\/div>\n\t\t\t\t<\/div>\n\t\t\t\t\t<\/div>\n\t\t\t\t<\/div>\n\t\t\t\t<\/div>\n\t\t<div class=\"elementor-element elementor-element-0db2973 e-con-full e-flex e-con e-child\" data-id=\"0db2973\" data-element_type=\"container\" data-e-type=\"container\">\n\t\t\t\t<div class=\"elementor-element elementor-element-65463dd elementor-widget elementor-widget-image\" data-id=\"65463dd\" data-element_type=\"widget\" data-e-type=\"widget\" data-widget_type=\"image.default\">\n\t\t\t\t<div class=\"elementor-widget-container\">\n\t\t\t\t\t\t\t\t\t\t\t\t\t\t\t<img decoding=\"async\" width=\"800\" height=\"564\" src=\"https:\/\/www.tjerkridder.com\/wp-content\/uploads\/2025\/09\/TjerkBand_33622.png\" class=\"attachment-large size-large wp-image-2846\" alt=\"\" srcset=\"https:\/\/www.tjerkridder.com\/wp-content\/uploads\/2025\/09\/TjerkBand_33622.png 900w, https:\/\/www.tjerkridder.com\/wp-content\/uploads\/2025\/09\/TjerkBand_33622-300x212.png 300w, https:\/\/www.tjerkridder.com\/wp-content\/uploads\/2025\/09\/TjerkBand_33622-768x542.png 768w, https:\/\/www.tjerkridder.com\/wp-content\/uploads\/2025\/09\/TjerkBand_33622-18x12.png 18w\" sizes=\"(max-width: 800px) 100vw, 800px\" \/>\t\t\t\t\t\t\t\t\t\t\t\t\t\t\t<\/div>\n\t\t\t\t<\/div>\n\t\t\t\t<\/div>\n\t\t\t\t\t<\/div>\n\t\t\t\t<\/div>\n\t\t\t\t\t<\/div>\n\t\t\t\t<\/div>\n\t\t\t\t<\/div>","protected":false},"excerpt":{"rendered":"<p>Over Tjerk Ridder Draai je naar de zon Tjerk Ridder is theatermaker, singer-songwriter en schrijver en ook reiziger, verteller en inspirator. Zijn reizen door Europa monden uit in muziektheatervoorstellingen, boeken en songs. Tjerk zingt en vertelt over universele onderwerpen en thema\u2019s rondom de menselijke reis. Welke stappen zet je, welke keuzes maak je? Wat is [&hellip;]<\/p>","protected":false},"author":2,"featured_media":0,"parent":0,"menu_order":0,"comment_status":"closed","ping_status":"closed","template":"","meta":{"footnotes":""},"class_list":["post-11","page","type-page","status-publish","hentry"],"yoast_head":"<!-- This site is optimized with the Yoast SEO plugin v27.4 - https:\/\/yoast.com\/product\/yoast-seo-wordpress\/ -->\n<title>Over Tjerk - Tjerk Ridder<\/title>\n<meta name=\"robots\" content=\"index, follow, max-snippet:-1, max-image-preview:large, max-video-preview:-1\" \/>\n<link rel=\"canonical\" href=\"https:\/\/www.tjerkridder.com\/de\/um\/\" \/>\n<meta property=\"og:locale\" content=\"de_DE\" \/>\n<meta property=\"og:type\" content=\"article\" \/>\n<meta property=\"og:title\" content=\"Over Tjerk - Tjerk Ridder\" \/>\n<meta property=\"og:description\" content=\"Over Tjerk Ridder Draai je naar de zon Tjerk Ridder is theatermaker, singer-songwriter en schrijver en ook reiziger, verteller en inspirator. Zijn reizen door Europa monden uit in muziektheatervoorstellingen, boeken en songs. Tjerk zingt en vertelt over universele onderwerpen en thema\u2019s rondom de menselijke reis. Welke stappen zet je, welke keuzes maak je? Wat is [&hellip;]\" \/>\n<meta property=\"og:url\" content=\"https:\/\/www.tjerkridder.com\/de\/um\/\" \/>\n<meta property=\"og:site_name\" content=\"Tjerk Ridder\" \/>\n<meta property=\"article:modified_time\" content=\"2025-10-29T15:59:34+00:00\" \/>\n<meta property=\"og:image\" content=\"https:\/\/www.tjerkridder.com\/wp-content\/uploads\/2023\/08\/Tjerk_kl2774-1.jpeg\" \/>\n\t<meta property=\"og:image:width\" content=\"960\" \/>\n\t<meta property=\"og:image:height\" content=\"1067\" \/>\n\t<meta property=\"og:image:type\" content=\"image\/jpeg\" \/>\n<meta name=\"twitter:card\" content=\"summary_large_image\" \/>\n<script type=\"application\/ld+json\" class=\"yoast-schema-graph\">{\"@context\":\"https:\\\/\\\/schema.org\",\"@graph\":[{\"@type\":\"WebPage\",\"@id\":\"https:\\\/\\\/www.tjerkridder.com\\\/over\\\/\",\"url\":\"https:\\\/\\\/www.tjerkridder.com\\\/over\\\/\",\"name\":\"Over Tjerk - Tjerk Ridder\",\"isPartOf\":{\"@id\":\"https:\\\/\\\/www.tjerkridder.com\\\/#website\"},\"primaryImageOfPage\":{\"@id\":\"https:\\\/\\\/www.tjerkridder.com\\\/over\\\/#primaryimage\"},\"image\":{\"@id\":\"https:\\\/\\\/www.tjerkridder.com\\\/over\\\/#primaryimage\"},\"thumbnailUrl\":\"https:\\\/\\\/www.tjerkridder.com\\\/wp-content\\\/uploads\\\/2023\\\/08\\\/Tjerk_kl2774-1-921x1024.jpeg\",\"datePublished\":\"2023-08-17T08:07:18+00:00\",\"dateModified\":\"2025-10-29T15:59:34+00:00\",\"breadcrumb\":{\"@id\":\"https:\\\/\\\/www.tjerkridder.com\\\/over\\\/#breadcrumb\"},\"inLanguage\":\"de\",\"potentialAction\":[{\"@type\":\"ReadAction\",\"target\":[\"https:\\\/\\\/www.tjerkridder.com\\\/over\\\/\"]}]},{\"@type\":\"ImageObject\",\"inLanguage\":\"de\",\"@id\":\"https:\\\/\\\/www.tjerkridder.com\\\/over\\\/#primaryimage\",\"url\":\"https:\\\/\\\/www.tjerkridder.com\\\/wp-content\\\/uploads\\\/2023\\\/08\\\/Tjerk_kl2774-1-921x1024.jpeg\",\"contentUrl\":\"https:\\\/\\\/www.tjerkridder.com\\\/wp-content\\\/uploads\\\/2023\\\/08\\\/Tjerk_kl2774-1-921x1024.jpeg\"},{\"@type\":\"BreadcrumbList\",\"@id\":\"https:\\\/\\\/www.tjerkridder.com\\\/over\\\/#breadcrumb\",\"itemListElement\":[{\"@type\":\"ListItem\",\"position\":1,\"name\":\"Home\",\"item\":\"https:\\\/\\\/www.tjerkridder.com\\\/\"},{\"@type\":\"ListItem\",\"position\":2,\"name\":\"Over Tjerk\"}]},{\"@type\":\"WebSite\",\"@id\":\"https:\\\/\\\/www.tjerkridder.com\\\/#website\",\"url\":\"https:\\\/\\\/www.tjerkridder.com\\\/\",\"name\":\"Tjerk Ridder\",\"description\":\"Reisavonturen op het podium\",\"publisher\":{\"@id\":\"https:\\\/\\\/www.tjerkridder.com\\\/#\\\/schema\\\/person\\\/d87a8e3661867c3ce98fca0212af33d3\"},\"potentialAction\":[{\"@type\":\"SearchAction\",\"target\":{\"@type\":\"EntryPoint\",\"urlTemplate\":\"https:\\\/\\\/www.tjerkridder.com\\\/?s={search_term_string}\"},\"query-input\":{\"@type\":\"PropertyValueSpecification\",\"valueRequired\":true,\"valueName\":\"search_term_string\"}}],\"inLanguage\":\"de\"},{\"@type\":[\"Person\",\"Organization\"],\"@id\":\"https:\\\/\\\/www.tjerkridder.com\\\/#\\\/schema\\\/person\\\/d87a8e3661867c3ce98fca0212af33d3\",\"name\":\"Tjerk Ridder\",\"image\":{\"@type\":\"ImageObject\",\"inLanguage\":\"de\",\"@id\":\"https:\\\/\\\/www.tjerkridder.com\\\/wp-content\\\/uploads\\\/2023\\\/08\\\/Scherm\u00adafbeelding-2023-08-17-om-13.51.59.jpeg\",\"url\":\"https:\\\/\\\/www.tjerkridder.com\\\/wp-content\\\/uploads\\\/2023\\\/08\\\/Scherm\u00adafbeelding-2023-08-17-om-13.51.59.jpeg\",\"contentUrl\":\"https:\\\/\\\/www.tjerkridder.com\\\/wp-content\\\/uploads\\\/2023\\\/08\\\/Scherm\u00adafbeelding-2023-08-17-om-13.51.59.jpeg\",\"width\":884,\"height\":840,\"caption\":\"Tjerk Ridder\"},\"logo\":{\"@id\":\"https:\\\/\\\/www.tjerkridder.com\\\/wp-content\\\/uploads\\\/2023\\\/08\\\/Scherm\u00adafbeelding-2023-08-17-om-13.51.59.jpeg\"}}]}<\/script>\n<!-- \/ Yoast SEO plugin. -->","yoast_head_json":{"title":"Over Tjerk - Tjerk Ridder","robots":{"index":"index","follow":"follow","max-snippet":"max-snippet:-1","max-image-preview":"max-image-preview:large","max-video-preview":"max-video-preview:-1"},"canonical":"https:\/\/www.tjerkridder.com\/de\/um\/","og_locale":"de_DE","og_type":"article","og_title":"Over Tjerk - Tjerk Ridder","og_description":"Over Tjerk Ridder Draai je naar de zon Tjerk Ridder is theatermaker, singer-songwriter en schrijver en ook reiziger, verteller en inspirator. Zijn reizen door Europa monden uit in muziektheatervoorstellingen, boeken en songs. Tjerk zingt en vertelt over universele onderwerpen en thema\u2019s rondom de menselijke reis. Welke stappen zet je, welke keuzes maak je? Wat is [&hellip;]","og_url":"https:\/\/www.tjerkridder.com\/de\/um\/","og_site_name":"Tjerk Ridder","article_modified_time":"2025-10-29T15:59:34+00:00","og_image":[{"width":960,"height":1067,"url":"https:\/\/www.tjerkridder.com\/wp-content\/uploads\/2023\/08\/Tjerk_kl2774-1.jpeg","type":"image\/jpeg"}],"twitter_card":"summary_large_image","schema":{"@context":"https:\/\/schema.org","@graph":[{"@type":"WebPage","@id":"https:\/\/www.tjerkridder.com\/over\/","url":"https:\/\/www.tjerkridder.com\/over\/","name":"Over Tjerk - Tjerk Ridder","isPartOf":{"@id":"https:\/\/www.tjerkridder.com\/#website"},"primaryImageOfPage":{"@id":"https:\/\/www.tjerkridder.com\/over\/#primaryimage"},"image":{"@id":"https:\/\/www.tjerkridder.com\/over\/#primaryimage"},"thumbnailUrl":"https:\/\/www.tjerkridder.com\/wp-content\/uploads\/2023\/08\/Tjerk_kl2774-1-921x1024.jpeg","datePublished":"2023-08-17T08:07:18+00:00","dateModified":"2025-10-29T15:59:34+00:00","breadcrumb":{"@id":"https:\/\/www.tjerkridder.com\/over\/#breadcrumb"},"inLanguage":"de","potentialAction":[{"@type":"ReadAction","target":["https:\/\/www.tjerkridder.com\/over\/"]}]},{"@type":"ImageObject","inLanguage":"de","@id":"https:\/\/www.tjerkridder.com\/over\/#primaryimage","url":"https:\/\/www.tjerkridder.com\/wp-content\/uploads\/2023\/08\/Tjerk_kl2774-1-921x1024.jpeg","contentUrl":"https:\/\/www.tjerkridder.com\/wp-content\/uploads\/2023\/08\/Tjerk_kl2774-1-921x1024.jpeg"},{"@type":"BreadcrumbList","@id":"https:\/\/www.tjerkridder.com\/over\/#breadcrumb","itemListElement":[{"@type":"ListItem","position":1,"name":"Home","item":"https:\/\/www.tjerkridder.com\/"},{"@type":"ListItem","position":2,"name":"Over Tjerk"}]},{"@type":"WebSite","@id":"https:\/\/www.tjerkridder.com\/#website","url":"https:\/\/www.tjerkridder.com\/","name":"Tjerk Ridder","description":"Reisavonturen op het podium","publisher":{"@id":"https:\/\/www.tjerkridder.com\/#\/schema\/person\/d87a8e3661867c3ce98fca0212af33d3"},"potentialAction":[{"@type":"SearchAction","target":{"@type":"EntryPoint","urlTemplate":"https:\/\/www.tjerkridder.com\/?s={search_term_string}"},"query-input":{"@type":"PropertyValueSpecification","valueRequired":true,"valueName":"search_term_string"}}],"inLanguage":"de"},{"@type":["Person","Organization"],"@id":"https:\/\/www.tjerkridder.com\/#\/schema\/person\/d87a8e3661867c3ce98fca0212af33d3","name":"Tjerk Ridder","image":{"@type":"ImageObject","inLanguage":"de","@id":"https:\/\/www.tjerkridder.com\/wp-content\/uploads\/2023\/08\/Scherm\u00adafbeelding-2023-08-17-om-13.51.59.jpeg","url":"https:\/\/www.tjerkridder.com\/wp-content\/uploads\/2023\/08\/Scherm\u00adafbeelding-2023-08-17-om-13.51.59.jpeg","contentUrl":"https:\/\/www.tjerkridder.com\/wp-content\/uploads\/2023\/08\/Scherm\u00adafbeelding-2023-08-17-om-13.51.59.jpeg","width":884,"height":840,"caption":"Tjerk Ridder"},"logo":{"@id":"https:\/\/www.tjerkridder.com\/wp-content\/uploads\/2023\/08\/Scherm\u00adafbeelding-2023-08-17-om-13.51.59.jpeg"}}]}},"_links":{"self":[{"href":"https:\/\/www.tjerkridder.com\/de\/wp-json\/wp\/v2\/pages\/11","targetHints":{"allow":["GET"]}}],"collection":[{"href":"https:\/\/www.tjerkridder.com\/de\/wp-json\/wp\/v2\/pages"}],"about":[{"href":"https:\/\/www.tjerkridder.com\/de\/wp-json\/wp\/v2\/types\/page"}],"author":[{"embeddable":true,"href":"https:\/\/www.tjerkridder.com\/de\/wp-json\/wp\/v2\/users\/2"}],"replies":[{"embeddable":true,"href":"https:\/\/www.tjerkridder.com\/de\/wp-json\/wp\/v2\/comments?post=11"}],"version-history":[{"count":200,"href":"https:\/\/www.tjerkridder.com\/de\/wp-json\/wp\/v2\/pages\/11\/revisions"}],"predecessor-version":[{"id":2948,"href":"https:\/\/www.tjerkridder.com\/de\/wp-json\/wp\/v2\/pages\/11\/revisions\/2948"}],"wp:attachment":[{"href":"https:\/\/www.tjerkridder.com\/de\/wp-json\/wp\/v2\/media?parent=11"}],"curies":[{"name":"wp","href":"https:\/\/api.w.org\/{rel}","templated":true}]}}