{"id":19,"date":"2023-08-17T08:08:03","date_gmt":"2023-08-17T08:08:03","guid":{"rendered":"https:\/\/nieuw.tjerkridder.com\/?page_id=19"},"modified":"2026-05-06T13:59:41","modified_gmt":"2026-05-06T11:59:41","slug":"agenda","status":"publish","type":"page","link":"https:\/\/www.tjerkridder.com\/de\/agenda\/","title":{"rendered":"Agenda"},"content":{"rendered":"<div data-elementor-type=\"wp-page\" data-elementor-id=\"19\" class=\"elementor elementor-19\" data-elementor-post-type=\"page\">\n\t\t\t\t<div class=\"elementor-element elementor-element-225d13a e-flex e-con-boxed e-con e-parent\" data-id=\"225d13a\" data-element_type=\"container\" data-e-type=\"container\" data-settings=\"{&quot;background_background&quot;:&quot;classic&quot;}\">\n\t\t\t\t\t<div class=\"e-con-inner\">\n\t\t\t\t<div class=\"elementor-element elementor-element-a0cdefa elementor-widget elementor-widget-spacer\" data-id=\"a0cdefa\" data-element_type=\"widget\" data-e-type=\"widget\" data-widget_type=\"spacer.default\">\n\t\t\t\t<div class=\"elementor-widget-container\">\n\t\t\t\t\t\t\t<div class=\"elementor-spacer\">\n\t\t\t<div class=\"elementor-spacer-inner\"><\/div>\n\t\t<\/div>\n\t\t\t\t\t\t<\/div>\n\t\t\t\t<\/div>\n\t\t\t\t<div class=\"elementor-element elementor-element-a0ae344 elementor-widget elementor-widget-text-editor\" data-id=\"a0ae344\" data-element_type=\"widget\" data-e-type=\"widget\" data-widget_type=\"text-editor.default\">\n\t\t\t\t<div class=\"elementor-widget-container\">\n\t\t\t\t\t\t\t\t\t<p>Agenda<\/p>\t\t\t\t\t\t\t\t<\/div>\n\t\t\t\t<\/div>\n\t\t\t\t<div class=\"elementor-element elementor-element-7ecfd4f elementor-widget__width-initial elementor-widget elementor-widget-heading\" data-id=\"7ecfd4f\" data-element_type=\"widget\" data-e-type=\"widget\" data-widget_type=\"heading.default\">\n\t\t\t\t<div class=\"elementor-widget-container\">\n\t\t\t\t\t<h1 class=\"elementor-heading-title elementor-size-default\">B\u00fchnenprogramme und Veranstaltungen<\/h1>\t\t\t\t<\/div>\n\t\t\t\t<\/div>\n\t\t\t\t\t<\/div>\n\t\t\t\t<\/div>\n\t\t<div class=\"elementor-element elementor-element-4da2b0c e-flex e-con-boxed e-con e-parent\" data-id=\"4da2b0c\" data-element_type=\"container\" data-e-type=\"container\">\n\t\t\t\t\t<div class=\"e-con-inner\">\n\t\t\t\t<div class=\"elementor-element elementor-element-e951dc0 elementor-widget__width-initial elementor-widget elementor-widget-text-editor\" data-id=\"e951dc0\" data-element_type=\"widget\" data-e-type=\"widget\" data-widget_type=\"text-editor.default\">\n\t\t\t\t<div class=\"elementor-widget-container\">\n\t\t\t\t\t\t\t\t\t<p>\"Denn wo ich auch hingehe,<\/p><p>Du reist mit mir mit.<\/p><p>Wo ich auch hingehe,<\/p><p>Du h\u00e4llst mit dir Schritt.\u201c<\/p>\t\t\t\t\t\t\t\t<\/div>\n\t\t\t\t<\/div>\n\t\t\t\t<div class=\"elementor-element elementor-element-c4d9e4c elementor-widget__width-initial elementor-widget elementor-widget-text-editor\" data-id=\"c4d9e4c\" data-element_type=\"widget\" data-e-type=\"widget\" data-widget_type=\"text-editor.default\">\n\t\t\t\t<div class=\"elementor-widget-container\">\n\t\t\t\t\t\t\t\t\t<p>Aus dem Lied <strong><em>Domstadt<\/em><\/strong><\/p>\t\t\t\t\t\t\t\t<\/div>\n\t\t\t\t<\/div>\n\t\t\t\t\t<\/div>\n\t\t\t\t<\/div>\n\t\t<div class=\"elementor-element elementor-element-5768c98 e-flex e-con-boxed e-con e-parent\" data-id=\"5768c98\" data-element_type=\"container\" data-e-type=\"container\" data-settings=\"{&quot;background_background&quot;:&quot;classic&quot;}\">\n\t\t\t\t\t<div class=\"e-con-inner\">\n\t\t<div class=\"elementor-element elementor-element-c4e4445 e-flex e-con-boxed e-con e-child\" data-id=\"c4e4445\" data-element_type=\"container\" data-e-type=\"container\" data-settings=\"{&quot;background_background&quot;:&quot;classic&quot;}\">\n\t\t\t\t\t<div class=\"e-con-inner\">\n\t\t\t\t<div class=\"elementor-element elementor-element-6fa92bf elementor-widget elementor-widget-heading\" data-id=\"6fa92bf\" data-element_type=\"widget\" data-e-type=\"widget\" data-widget_type=\"heading.default\">\n\t\t\t\t<div class=\"elementor-widget-container\">\n\t\t\t\t\t<h2 class=\"elementor-heading-title elementor-size-default\">Agenda<\/h2>\t\t\t\t<\/div>\n\t\t\t\t<\/div>\n\t\t\t\t<div class=\"elementor-element elementor-element-7ae1a5a elementor-widget elementor-widget-text-editor\" data-id=\"7ae1a5a\" data-element_type=\"widget\" data-e-type=\"widget\" data-widget_type=\"text-editor.default\">\n\t\t\t\t<div class=\"elementor-widget-container\">\n\t\t\t\t\t\t\t\t\t<p><img decoding=\"async\" class=\"emoji\" role=\"img\" draggable=\"false\" src=\"https:\/\/s.w.org\/images\/core\/emoji\/17.0.2\/svg\/1f3ad.svg\" alt=\"\ud83c\udfad\" \/> muziektheatervoorstelling Bonne Route! of Trekhaak Gezocht!\u00a0<br \/><img decoding=\"async\" class=\"emoji\" role=\"img\" draggable=\"false\" src=\"https:\/\/s.w.org\/images\/core\/emoji\/17.0.2\/svg\/1f3b6.svg\" alt=\"\ud83c\udfb6\" \/> Tjerk Ridder Band concert<br \/><img decoding=\"async\" class=\"emoji\" role=\"img\" draggable=\"false\" src=\"https:\/\/s.w.org\/images\/core\/emoji\/17.0.2\/svg\/1f4d5.svg\" alt=\"\ud83d\udcd5\" \/> boeklezing<br \/><img decoding=\"async\" class=\"emoji\" role=\"img\" draggable=\"false\" src=\"https:\/\/s.w.org\/images\/core\/emoji\/17.0.2\/svg\/1f3a4.svg\" alt=\"\ud83c\udfa4\" \/> congres (keynote speaker) \/ host talkshow<br \/><img decoding=\"async\" class=\"emoji\" role=\"img\" draggable=\"false\" src=\"https:\/\/s.w.org\/images\/core\/emoji\/17.0.2\/svg\/1f5a5.svg\" alt=\"\ud83d\udda5\ufe0f\" \/>\u00a0media optreden<br \/><span style=\"color: var( --e-global-color-text ); text-align: var(--text-align); background-color: var( --e-global-color-2f4ad56 );\">\ud83e\udecf\u00a0wandeling met ezel Lodewijk<\/span><\/p><p>\u00a0<\/p><p><strong>mei<\/strong><\/p><p>\u00a0 \u00a0 \u00a0 \u00a0 \u00a0 \u00a0 \u00a0 \u00a0 \u00a0 \u00a004 mei &#8211; Trekhaak Gezocht! &#8211; Floriander \u00a0&#8211; Utrecht &#8211; besloten<\/p><p><img decoding=\"async\" class=\"emoji\" role=\"img\" draggable=\"false\" src=\"https:\/\/s.w.org\/images\/core\/emoji\/17.0.2\/svg\/1f3a4.svg\" alt=\"\ud83c\udfa4\" \/>\u00a0 \u00a0 \u00a0 \u00a0 \u00a0 \u00a0 \u00a0 \u00a009 mei &#8211; Europe day: <a href=\"https:\/\/europadag.eu\" target=\"_blank\" rel=\"noopener\">Tussen grenzen &amp; ontmoetingen<\/a>\u00a0&#8211; stadhuis Hilversum &#8211; 15.15 uur<\/p><p><strong>juni<\/strong><\/p><p>\u00a0 \u00a0 \u00a0 \u00a0 \u00a0 \u00a0 \u00a0 \u00a0 \u00a0 02 juni &#8211; Bonne Route! &#8211; lancering 0-Entropy \u00a0&#8211; Rotterdam &#8211; besloten<\/p><p>\u00a0 \u00a0 \u00a0 \u00a0 \u00a0 \u00a0 \u00a0 \u00a0 \u00a0 04 juni &#8211; Trekhaak Gezocht! &#8211; Noorderlink Live congres \u00a0&#8211; Groningen &#8211; besloten<\/p><p>\u00a0 \u00a0 \u00a0 \u00a0 \u00a0 \u00a0 \u00a0 \u00a0 \u00a0 26 juni &#8211; Bonne Route! &#8211; bedrijfsevent \u00a0&#8211; Drimmelen &#8211; besloten<\/p><p><strong>juli<\/strong><\/p><p>\u00a0 \u00a0 \u00a0 \u00a0 \u00a0 \u00a0 \u00a0 \u00a0 \u00a0 07 juli &#8211; Trekhaak Gezocht! &#8211; Nieuw Vaarwater \u00a0&#8211; Rotterdam &#8211; besloten<\/p><p><strong>aug<\/strong><\/p><p><strong>sept<\/strong><\/p><p>\ud83e\udecf\u00a0<img decoding=\"async\" class=\"emoji\" role=\"img\" draggable=\"false\" src=\"https:\/\/s.w.org\/images\/core\/emoji\/17.0.2\/svg\/1f3b6.svg\" alt=\"\ud83c\udfb6\" \/>\u00a0 \u00a0 \u00a0 \u00a0 20 sept &#8211; concert en herfstwandeling met Lodewijk &#8211; <a href=\"https:\/\/podium-beaufort.nl\/evenement\/2026-04-19-tjerk-en-ezel-lodewijk\/\" target=\"_blank\" rel=\"noopener\">Koepel van Stoop<\/a> &#8211; Austerlitz &#8211; 13.00 uur<\/p><p>\u00a0 \u00a0 \u00a0 \u00a0 \u00a0 \u00a0 \u00a0 \u00a0 \u00a0 \u00a030 sept &#8211; speciaal programma Kampeer &#8211; en Caravanjaarbeurs &#8211; Utrecht &#8211; 10.00 uur<\/p><p><strong>okt<\/strong><\/p><p>\u00a0 \u00a0 \u00a0 \u00a0 \u00a0 \u00a0 \u00a0 \u00a0 \u00a0 01 okt &#8211; speciaal programma Kampeer &#8211; en Caravanjaarbeurs &#8211; Utrecht &#8211; 10.00 uur<\/p><p>\u00a0 \u00a0 \u00a0 \u00a0 \u00a0 \u00a0 \u00a0 \u00a0 \u00a0 02 okt &#8211; speciaal programma Kampeer &#8211; en Caravanjaarbeurs &#8211; Utrecht &#8211; 10.00 uur<\/p><p>\u00a0 \u00a0 \u00a0 \u00a0 \u00a0 \u00a0 \u00a0 \u00a0 \u00a0 03 okt &#8211; speciaal programma Kampeer &#8211; en Caravanjaarbeurs &#8211; Utrecht &#8211; 10.00 uur<\/p><p>\u00a0 \u00a0 \u00a0 \u00a0 \u00a0 \u00a0 \u00a0 \u00a0 \u00a0 04 sept &#8211; speciaal programma Kampeer &#8211; en Caravanjaarbeurs &#8211; Utrecht &#8211; 10.00 uur<\/p>\t\t\t\t\t\t\t\t<\/div>\n\t\t\t\t<\/div>\n\t\t\t\t\t<\/div>\n\t\t\t\t<\/div>\n\t\t\t\t\t<\/div>\n\t\t\t\t<\/div>\n\t\t<div class=\"elementor-element elementor-element-fe28176 e-flex e-con-boxed e-con e-parent\" data-id=\"fe28176\" data-element_type=\"container\" data-e-type=\"container\" data-settings=\"{&quot;background_background&quot;:&quot;classic&quot;}\">\n\t\t\t\t\t<div class=\"e-con-inner\">\n\t\t<div class=\"elementor-element elementor-element-865c82d e-flex e-con-boxed e-con e-child\" data-id=\"865c82d\" data-element_type=\"container\" data-e-type=\"container\" data-settings=\"{&quot;background_background&quot;:&quot;classic&quot;}\">\n\t\t\t\t\t<div class=\"e-con-inner\">\n\t\t<div class=\"elementor-element elementor-element-ecb9892 e-con-full e-flex e-con e-child\" data-id=\"ecb9892\" data-element_type=\"container\" data-e-type=\"container\">\n\t\t\t\t<div class=\"elementor-element elementor-element-0e59d4c elementor-widget elementor-widget-heading\" data-id=\"0e59d4c\" data-element_type=\"widget\" data-e-type=\"widget\" data-widget_type=\"heading.default\">\n\t\t\t\t<div class=\"elementor-widget-container\">\n\t\t\t\t\t<h2 class=\"elementor-heading-title elementor-size-default\">Melden Sie sich f\u00fcr den Newsletter an und bleiben Sie \u00fcber Tjerks Auftritte und andere Aktivit\u00e4ten informiert.<\/h2>\t\t\t\t<\/div>\n\t\t\t\t<\/div>\n\t\t\t\t<div class=\"elementor-element elementor-element-f69c382 elementor-button-align-stretch elementor-widget elementor-widget-form\" data-id=\"f69c382\" data-element_type=\"widget\" data-e-type=\"widget\" data-settings=\"{&quot;button_width&quot;:&quot;25&quot;,&quot;step_next_label&quot;:&quot;Volgende&quot;,&quot;step_previous_label&quot;:&quot;Vorige&quot;,&quot;step_type&quot;:&quot;number_text&quot;,&quot;step_icon_shape&quot;:&quot;circle&quot;}\" data-widget_type=\"form.default\">\n\t\t\t\t<div class=\"elementor-widget-container\">\n\t\t\t\t\t\t\t<form class=\"elementor-form\" method=\"post\" name=\"New Form\" aria-label=\"New Form\" action=\"\">\n\t\t\t<input type=\"hidden\" name=\"post_id\" value=\"19\"\/>\n\t\t\t<input type=\"hidden\" name=\"form_id\" value=\"f69c382\"\/>\n\t\t\t<input type=\"hidden\" name=\"referer_title\" value=\"Agenda - Tjerk Ridder\" \/>\n\n\t\t\t\t\t\t\t<input type=\"hidden\" name=\"queried_id\" value=\"19\"\/>\n\t\t\t\n\t\t\t<div class=\"elementor-form-fields-wrapper elementor-labels-\">\n\t\t\t\t\t\t\t\t<div class=\"elementor-field-type-recaptcha_v3 elementor-field-group elementor-column elementor-field-group-field_88269a2 elementor-col-100 recaptcha_v3-bottomright\">\n\t\t\t\t\t<div class=\"elementor-field\" id=\"form-field-field_88269a2\"><div class=\"elementor-g-recaptcha\" data-sitekey=\"6LeZdP4nAAAAAB4te3-szJy-kT4wHTbyD22F-J02\" data-type=\"v3\" data-action=\"Form\" data-badge=\"bottomright\" data-size=\"invisible\"><\/div><\/div>\t\t\t\t<\/div>\n\t\t\t\t\t\t\t\t<div class=\"elementor-field-type-text elementor-field-group elementor-column elementor-field-group-name elementor-col-25 elementor-md-100\">\n\t\t\t\t\t\t\t\t\t\t\t\t<label for=\"form-field-name\" class=\"elementor-field-label elementor-screen-only\">\n\t\t\t\t\t\t\t\tVorname\t\t\t\t\t\t\t<\/label>\n\t\t\t\t\t\t\t\t\t\t\t\t\t\t<input size=\"1\" type=\"text\" name=\"form_fields[name]\" id=\"form-field-name\" class=\"elementor-field elementor-size-sm  elementor-field-textual\" placeholder=\"Vorname\">\n\t\t\t\t\t\t\t\t\t\t\t<\/div>\n\t\t\t\t\t\t\t\t<div class=\"elementor-field-type-email elementor-field-group elementor-column elementor-field-group-email elementor-col-50 elementor-md-75 elementor-field-required\">\n\t\t\t\t\t\t\t\t\t\t\t\t<label for=\"form-field-email\" class=\"elementor-field-label elementor-screen-only\">\n\t\t\t\t\t\t\t\tEmail\t\t\t\t\t\t\t<\/label>\n\t\t\t\t\t\t\t\t\t\t\t\t\t\t<input size=\"1\" type=\"email\" name=\"form_fields[email]\" id=\"form-field-email\" class=\"elementor-field elementor-size-sm  elementor-field-textual\" placeholder=\"E-Mail-Adresse\" required=\"required\">\n\t\t\t\t\t\t\t\t\t\t\t<\/div>\n\t\t\t\t\t\t\t\t<div class=\"elementor-field-group elementor-column elementor-field-type-submit elementor-col-25 e-form__buttons\">\n\t\t\t\t\t<button class=\"elementor-button elementor-size-sm\" type=\"submit\">\n\t\t\t\t\t\t<span class=\"elementor-button-content-wrapper\">\n\t\t\t\t\t\t\t\t\t\t\t\t\t\t\t\t\t\t\t\t\t\t<span class=\"elementor-button-text\">Zur Anmeldung<\/span>\n\t\t\t\t\t\t\t\t\t\t\t\t\t<\/span>\n\t\t\t\t\t<\/button>\n\t\t\t\t<\/div>\n\t\t\t<\/div>\n\t\t<input type=\"hidden\" name=\"trp-form-language\" value=\"de\"\/><\/form>\n\t\t\t\t\t\t<\/div>\n\t\t\t\t<\/div>\n\t\t\t\t<div class=\"elementor-element elementor-element-9ceb46c elementor-widget elementor-widget-text-editor\" data-id=\"9ceb46c\" data-element_type=\"widget\" data-e-type=\"widget\" data-widget_type=\"text-editor.default\">\n\t\t\t\t<div class=\"elementor-widget-container\">\n\t\t\t\t\t\t\t\t\t<p>Diese Website ist durch reCAPTCHA und Google gesch\u00fctzt <a href=\"https:\/\/policies.google.com\/privacy\">Datenschutzerkl\u00e4rung<\/a> und <a href=\"https:\/\/policies.google.com\/terms\">Benutzeraussage<\/a> sind in Kraft.<\/p>\t\t\t\t\t\t\t\t<\/div>\n\t\t\t\t<\/div>\n\t\t\t\t<\/div>\n\t\t<div class=\"elementor-element elementor-element-192edee e-con-full e-flex e-con e-child\" data-id=\"192edee\" data-element_type=\"container\" data-e-type=\"container\">\n\t\t\t\t<div class=\"elementor-element elementor-element-f19d30e elementor-widget elementor-widget-image\" data-id=\"f19d30e\" data-element_type=\"widget\" data-e-type=\"widget\" data-widget_type=\"image.default\">\n\t\t\t\t<div class=\"elementor-widget-container\">\n\t\t\t\t\t\t\t\t\t\t\t\t\t\t\t<img fetchpriority=\"high\" decoding=\"async\" width=\"800\" height=\"564\" src=\"https:\/\/www.tjerkridder.com\/wp-content\/uploads\/2025\/09\/TjerkBand_33622.png\" class=\"attachment-large size-large wp-image-2846\" alt=\"\" srcset=\"https:\/\/www.tjerkridder.com\/wp-content\/uploads\/2025\/09\/TjerkBand_33622.png 900w, https:\/\/www.tjerkridder.com\/wp-content\/uploads\/2025\/09\/TjerkBand_33622-300x212.png 300w, https:\/\/www.tjerkridder.com\/wp-content\/uploads\/2025\/09\/TjerkBand_33622-768x542.png 768w, https:\/\/www.tjerkridder.com\/wp-content\/uploads\/2025\/09\/TjerkBand_33622-18x12.png 18w\" sizes=\"(max-width: 800px) 100vw, 800px\" \/>\t\t\t\t\t\t\t\t\t\t\t\t\t\t\t<\/div>\n\t\t\t\t<\/div>\n\t\t\t\t<\/div>\n\t\t\t\t\t<\/div>\n\t\t\t\t<\/div>\n\t\t\t\t\t<\/div>\n\t\t\t\t<\/div>\n\t\t\t\t<\/div>","protected":false},"excerpt":{"rendered":"<p>Agenda Voorstellingen en events &#8216;Want waar ik ook heen ga, je reist met me mee. Waar ik ook heen ga, je bent zo compleet.&#8217; Uit de song Domstad Agenda muziektheatervoorstelling Bonne Route! of Trekhaak Gezocht!\u00a0 Tjerk Ridder Band concert boeklezing congres (keynote speaker) \/ host talkshow\u00a0media optreden\ud83e\udecf\u00a0wandeling met ezel Lodewijk \u00a0 mei \u00a0 \u00a0 \u00a0 [&hellip;]<\/p>","protected":false},"author":2,"featured_media":0,"parent":0,"menu_order":0,"comment_status":"closed","ping_status":"closed","template":"","meta":{"footnotes":""},"class_list":["post-19","page","type-page","status-publish","hentry"],"yoast_head":"<!-- This site is optimized with the Yoast SEO plugin v27.5 - https:\/\/yoast.com\/product\/yoast-seo-wordpress\/ -->\n<title>Agenda - Tjerk Ridder<\/title>\n<meta name=\"robots\" content=\"index, follow, max-snippet:-1, max-image-preview:large, max-video-preview:-1\" \/>\n<link rel=\"canonical\" href=\"https:\/\/www.tjerkridder.com\/de\/agenda\/\" \/>\n<meta property=\"og:locale\" content=\"de_DE\" \/>\n<meta property=\"og:type\" content=\"article\" \/>\n<meta property=\"og:title\" content=\"Agenda - Tjerk Ridder\" \/>\n<meta property=\"og:description\" content=\"Agenda Voorstellingen en events &#8216;Want waar ik ook heen ga, je reist met me mee. Waar ik ook heen ga, je bent zo compleet.&#8217; Uit de song Domstad Agenda muziektheatervoorstelling Bonne Route! of Trekhaak Gezocht!\u00a0 Tjerk Ridder Band concert boeklezing congres (keynote speaker) \/ host talkshow\u00a0media optreden\ud83e\udecf\u00a0wandeling met ezel Lodewijk \u00a0 mei \u00a0 \u00a0 \u00a0 [&hellip;]\" \/>\n<meta property=\"og:url\" content=\"https:\/\/www.tjerkridder.com\/de\/agenda\/\" \/>\n<meta property=\"og:site_name\" content=\"Tjerk Ridder\" \/>\n<meta property=\"article:modified_time\" content=\"2026-05-06T11:59:41+00:00\" \/>\n<meta property=\"og:image\" content=\"https:\/\/s.w.org\/images\/core\/emoji\/17.0.2\/svg\/1f3ad.svg\" \/>\n<meta name=\"twitter:card\" content=\"summary_large_image\" \/>\n<meta name=\"twitter:label1\" content=\"Gesch\u00e4tzte Lesezeit\" \/>\n\t<meta name=\"twitter:data1\" content=\"4\u00a0Minuten\" \/>\n<script type=\"application\/ld+json\" class=\"yoast-schema-graph\">{\"@context\":\"https:\\\/\\\/schema.org\",\"@graph\":[{\"@type\":\"WebPage\",\"@id\":\"https:\\\/\\\/www.tjerkridder.com\\\/agenda\\\/\",\"url\":\"https:\\\/\\\/www.tjerkridder.com\\\/agenda\\\/\",\"name\":\"Agenda - Tjerk Ridder\",\"isPartOf\":{\"@id\":\"https:\\\/\\\/www.tjerkridder.com\\\/#website\"},\"primaryImageOfPage\":{\"@id\":\"https:\\\/\\\/www.tjerkridder.com\\\/agenda\\\/#primaryimage\"},\"image\":{\"@id\":\"https:\\\/\\\/www.tjerkridder.com\\\/agenda\\\/#primaryimage\"},\"thumbnailUrl\":\"https:\\\/\\\/s.w.org\\\/images\\\/core\\\/emoji\\\/17.0.2\\\/svg\\\/1f3ad.svg\",\"datePublished\":\"2023-08-17T08:08:03+00:00\",\"dateModified\":\"2026-05-06T11:59:41+00:00\",\"breadcrumb\":{\"@id\":\"https:\\\/\\\/www.tjerkridder.com\\\/agenda\\\/#breadcrumb\"},\"inLanguage\":\"de\",\"potentialAction\":[{\"@type\":\"ReadAction\",\"target\":[\"https:\\\/\\\/www.tjerkridder.com\\\/agenda\\\/\"]}]},{\"@type\":\"ImageObject\",\"inLanguage\":\"de\",\"@id\":\"https:\\\/\\\/www.tjerkridder.com\\\/agenda\\\/#primaryimage\",\"url\":\"https:\\\/\\\/s.w.org\\\/images\\\/core\\\/emoji\\\/17.0.2\\\/svg\\\/1f3ad.svg\",\"contentUrl\":\"https:\\\/\\\/s.w.org\\\/images\\\/core\\\/emoji\\\/17.0.2\\\/svg\\\/1f3ad.svg\"},{\"@type\":\"BreadcrumbList\",\"@id\":\"https:\\\/\\\/www.tjerkridder.com\\\/agenda\\\/#breadcrumb\",\"itemListElement\":[{\"@type\":\"ListItem\",\"position\":1,\"name\":\"Home\",\"item\":\"https:\\\/\\\/www.tjerkridder.com\\\/\"},{\"@type\":\"ListItem\",\"position\":2,\"name\":\"Agenda\"}]},{\"@type\":\"WebSite\",\"@id\":\"https:\\\/\\\/www.tjerkridder.com\\\/#website\",\"url\":\"https:\\\/\\\/www.tjerkridder.com\\\/\",\"name\":\"Tjerk Ridder\",\"description\":\"Reisavonturen op het podium\",\"publisher\":{\"@id\":\"https:\\\/\\\/www.tjerkridder.com\\\/#\\\/schema\\\/person\\\/d87a8e3661867c3ce98fca0212af33d3\"},\"potentialAction\":[{\"@type\":\"SearchAction\",\"target\":{\"@type\":\"EntryPoint\",\"urlTemplate\":\"https:\\\/\\\/www.tjerkridder.com\\\/?s={search_term_string}\"},\"query-input\":{\"@type\":\"PropertyValueSpecification\",\"valueRequired\":true,\"valueName\":\"search_term_string\"}}],\"inLanguage\":\"de\"},{\"@type\":[\"Person\",\"Organization\"],\"@id\":\"https:\\\/\\\/www.tjerkridder.com\\\/#\\\/schema\\\/person\\\/d87a8e3661867c3ce98fca0212af33d3\",\"name\":\"Tjerk Ridder\",\"image\":{\"@type\":\"ImageObject\",\"inLanguage\":\"de\",\"@id\":\"https:\\\/\\\/www.tjerkridder.com\\\/wp-content\\\/uploads\\\/2023\\\/08\\\/Scherm\u00adafbeelding-2023-08-17-om-13.51.59.jpeg\",\"url\":\"https:\\\/\\\/www.tjerkridder.com\\\/wp-content\\\/uploads\\\/2023\\\/08\\\/Scherm\u00adafbeelding-2023-08-17-om-13.51.59.jpeg\",\"contentUrl\":\"https:\\\/\\\/www.tjerkridder.com\\\/wp-content\\\/uploads\\\/2023\\\/08\\\/Scherm\u00adafbeelding-2023-08-17-om-13.51.59.jpeg\",\"width\":884,\"height\":840,\"caption\":\"Tjerk Ridder\"},\"logo\":{\"@id\":\"https:\\\/\\\/www.tjerkridder.com\\\/wp-content\\\/uploads\\\/2023\\\/08\\\/Scherm\u00adafbeelding-2023-08-17-om-13.51.59.jpeg\"}}]}<\/script>\n<!-- \/ Yoast SEO plugin. -->","yoast_head_json":{"title":"Agenda - Tjerk Ridder","robots":{"index":"index","follow":"follow","max-snippet":"max-snippet:-1","max-image-preview":"max-image-preview:large","max-video-preview":"max-video-preview:-1"},"canonical":"https:\/\/www.tjerkridder.com\/de\/agenda\/","og_locale":"de_DE","og_type":"article","og_title":"Agenda - Tjerk Ridder","og_description":"Agenda Voorstellingen en events &#8216;Want waar ik ook heen ga, je reist met me mee. Waar ik ook heen ga, je bent zo compleet.&#8217; Uit de song Domstad Agenda muziektheatervoorstelling Bonne Route! of Trekhaak Gezocht!\u00a0 Tjerk Ridder Band concert boeklezing congres (keynote speaker) \/ host talkshow\u00a0media optreden\ud83e\udecf\u00a0wandeling met ezel Lodewijk \u00a0 mei \u00a0 \u00a0 \u00a0 [&hellip;]","og_url":"https:\/\/www.tjerkridder.com\/de\/agenda\/","og_site_name":"Tjerk Ridder","article_modified_time":"2026-05-06T11:59:41+00:00","og_image":[{"url":"https:\/\/s.w.org\/images\/core\/emoji\/17.0.2\/svg\/1f3ad.svg","type":"","width":"","height":""}],"twitter_card":"summary_large_image","twitter_misc":{"Gesch\u00e4tzte Lesezeit":"4\u00a0Minuten"},"schema":{"@context":"https:\/\/schema.org","@graph":[{"@type":"WebPage","@id":"https:\/\/www.tjerkridder.com\/agenda\/","url":"https:\/\/www.tjerkridder.com\/agenda\/","name":"Agenda - Tjerk Ridder","isPartOf":{"@id":"https:\/\/www.tjerkridder.com\/#website"},"primaryImageOfPage":{"@id":"https:\/\/www.tjerkridder.com\/agenda\/#primaryimage"},"image":{"@id":"https:\/\/www.tjerkridder.com\/agenda\/#primaryimage"},"thumbnailUrl":"https:\/\/s.w.org\/images\/core\/emoji\/17.0.2\/svg\/1f3ad.svg","datePublished":"2023-08-17T08:08:03+00:00","dateModified":"2026-05-06T11:59:41+00:00","breadcrumb":{"@id":"https:\/\/www.tjerkridder.com\/agenda\/#breadcrumb"},"inLanguage":"de","potentialAction":[{"@type":"ReadAction","target":["https:\/\/www.tjerkridder.com\/agenda\/"]}]},{"@type":"ImageObject","inLanguage":"de","@id":"https:\/\/www.tjerkridder.com\/agenda\/#primaryimage","url":"https:\/\/s.w.org\/images\/core\/emoji\/17.0.2\/svg\/1f3ad.svg","contentUrl":"https:\/\/s.w.org\/images\/core\/emoji\/17.0.2\/svg\/1f3ad.svg"},{"@type":"BreadcrumbList","@id":"https:\/\/www.tjerkridder.com\/agenda\/#breadcrumb","itemListElement":[{"@type":"ListItem","position":1,"name":"Home","item":"https:\/\/www.tjerkridder.com\/"},{"@type":"ListItem","position":2,"name":"Agenda"}]},{"@type":"WebSite","@id":"https:\/\/www.tjerkridder.com\/#website","url":"https:\/\/www.tjerkridder.com\/","name":"Tjerk Ridder","description":"Reisavonturen op het podium","publisher":{"@id":"https:\/\/www.tjerkridder.com\/#\/schema\/person\/d87a8e3661867c3ce98fca0212af33d3"},"potentialAction":[{"@type":"SearchAction","target":{"@type":"EntryPoint","urlTemplate":"https:\/\/www.tjerkridder.com\/?s={search_term_string}"},"query-input":{"@type":"PropertyValueSpecification","valueRequired":true,"valueName":"search_term_string"}}],"inLanguage":"de"},{"@type":["Person","Organization"],"@id":"https:\/\/www.tjerkridder.com\/#\/schema\/person\/d87a8e3661867c3ce98fca0212af33d3","name":"Tjerk Ridder","image":{"@type":"ImageObject","inLanguage":"de","@id":"https:\/\/www.tjerkridder.com\/wp-content\/uploads\/2023\/08\/Scherm\u00adafbeelding-2023-08-17-om-13.51.59.jpeg","url":"https:\/\/www.tjerkridder.com\/wp-content\/uploads\/2023\/08\/Scherm\u00adafbeelding-2023-08-17-om-13.51.59.jpeg","contentUrl":"https:\/\/www.tjerkridder.com\/wp-content\/uploads\/2023\/08\/Scherm\u00adafbeelding-2023-08-17-om-13.51.59.jpeg","width":884,"height":840,"caption":"Tjerk Ridder"},"logo":{"@id":"https:\/\/www.tjerkridder.com\/wp-content\/uploads\/2023\/08\/Scherm\u00adafbeelding-2023-08-17-om-13.51.59.jpeg"}}]}},"_links":{"self":[{"href":"https:\/\/www.tjerkridder.com\/de\/wp-json\/wp\/v2\/pages\/19","targetHints":{"allow":["GET"]}}],"collection":[{"href":"https:\/\/www.tjerkridder.com\/de\/wp-json\/wp\/v2\/pages"}],"about":[{"href":"https:\/\/www.tjerkridder.com\/de\/wp-json\/wp\/v2\/types\/page"}],"author":[{"embeddable":true,"href":"https:\/\/www.tjerkridder.com\/de\/wp-json\/wp\/v2\/users\/2"}],"replies":[{"embeddable":true,"href":"https:\/\/www.tjerkridder.com\/de\/wp-json\/wp\/v2\/comments?post=19"}],"version-history":[{"count":778,"href":"https:\/\/www.tjerkridder.com\/de\/wp-json\/wp\/v2\/pages\/19\/revisions"}],"predecessor-version":[{"id":3138,"href":"https:\/\/www.tjerkridder.com\/de\/wp-json\/wp\/v2\/pages\/19\/revisions\/3138"}],"wp:attachment":[{"href":"https:\/\/www.tjerkridder.com\/de\/wp-json\/wp\/v2\/media?parent=19"}],"curies":[{"name":"wp","href":"https:\/\/api.w.org\/{rel}","templated":true}]}}